{"id":19550,"date":"2024-10-23T18:08:52","date_gmt":"2024-10-23T16:08:52","guid":{"rendered":"https:\/\/www.tradyglass.be\/glasses-products\/uncategorized\/sestriere-fb\/"},"modified":"2024-10-24T10:12:47","modified_gmt":"2024-10-24T08:12:47","slug":"sestriere-fb","status":"publish","type":"product","link":"https:\/\/www.tradyglass.be\/en\/produit\/sestriere-fb\/","title":{"rendered":"Sestri\u00e8re fb"},"content":{"rendered":"","protected":false},"excerpt":{"rendered":"","protected":false},"featured_media":17322,"comment_status":"closed","ping_status":"closed","template":"","meta":{"_acf_changed":false},"product_brand":[],"product_cat":[742],"product_tag":[],"class_list":{"0":"post-19550","1":"product","2":"type-product","3":"status-publish","4":"has-post-thumbnail","6":"product_cat-soft-drinks","7":"pa_capacity-cl-24-en","8":"pa_capacity-cl-365-en","9":"pa_height-mm-100-en","10":"pa_height-mm-85-en","11":"pa_max-diameter-mm-81-en","12":"pa_max-diameter-mm-92-en","14":"first","15":"instock","16":"purchasable","17":"product-type-variable","18":"has-default-attributes"},"acf":[],"yoast_head":"<!-- This site is optimized with the Yoast SEO plugin v27.3 - https:\/\/yoast.com\/product\/yoast-seo-wordpress\/ -->\n<title>D\u00e9coration Verre Sestri\u00e8re fb - Tradyglass<\/title>\n<meta name=\"description\" content=\"Tradyglass permet la d\u00e9coration de verres Sestri\u00e8re fb\" \/>\n<meta name=\"robots\" content=\"index, follow, max-snippet:-1, max-image-preview:large, max-video-preview:-1\" \/>\n<link rel=\"canonical\" href=\"https:\/\/www.tradyglass.be\/en\/produit\/sestriere-fb\/\" \/>\n<meta property=\"og:locale\" content=\"en_US\" \/>\n<meta property=\"og:type\" content=\"article\" \/>\n<meta property=\"og:title\" content=\"D\u00e9coration Verre Sestri\u00e8re fb - Tradyglass\" \/>\n<meta property=\"og:description\" content=\"Tradyglass permet la d\u00e9coration de verres Sestri\u00e8re fb\" \/>\n<meta property=\"og:url\" content=\"https:\/\/www.tradyglass.be\/en\/produit\/sestriere-fb\/\" \/>\n<meta property=\"og:site_name\" content=\"Tradyglass\" \/>\n<meta property=\"article:modified_time\" content=\"2024-10-24T08:12:47+00:00\" \/>\n<meta property=\"og:image\" content=\"https:\/\/www.tradyglass.be\/wp-content\/uploads\/2024\/10\/Sestriere_fb.jpg\" \/>\n\t<meta property=\"og:image:width\" content=\"2000\" \/>\n\t<meta property=\"og:image:height\" content=\"2000\" \/>\n\t<meta property=\"og:image:type\" content=\"image\/jpeg\" \/>\n<meta name=\"twitter:card\" content=\"summary_large_image\" \/>\n<script type=\"application\/ld+json\" class=\"yoast-schema-graph\">{\"@context\":\"https:\\\/\\\/schema.org\",\"@graph\":[{\"@type\":\"WebPage\",\"@id\":\"https:\\\/\\\/www.tradyglass.be\\\/en\\\/produit\\\/sestriere-fb\\\/\",\"url\":\"https:\\\/\\\/www.tradyglass.be\\\/en\\\/produit\\\/sestriere-fb\\\/\",\"name\":\"D\u00e9coration Verre Sestri\u00e8re fb - Tradyglass\",\"isPartOf\":{\"@id\":\"https:\\\/\\\/www.tradyglass.be\\\/en\\\/#website\"},\"primaryImageOfPage\":{\"@id\":\"https:\\\/\\\/www.tradyglass.be\\\/en\\\/produit\\\/sestriere-fb\\\/#primaryimage\"},\"image\":{\"@id\":\"https:\\\/\\\/www.tradyglass.be\\\/en\\\/produit\\\/sestriere-fb\\\/#primaryimage\"},\"thumbnailUrl\":\"https:\\\/\\\/www.tradyglass.be\\\/wp-content\\\/uploads\\\/2024\\\/10\\\/Sestriere_fb.jpg\",\"datePublished\":\"2024-10-23T16:08:52+00:00\",\"dateModified\":\"2024-10-24T08:12:47+00:00\",\"description\":\"Tradyglass permet la d\u00e9coration de verres Sestri\u00e8re fb\",\"breadcrumb\":{\"@id\":\"https:\\\/\\\/www.tradyglass.be\\\/en\\\/produit\\\/sestriere-fb\\\/#breadcrumb\"},\"inLanguage\":\"en-US\",\"potentialAction\":[{\"@type\":\"ReadAction\",\"target\":[\"https:\\\/\\\/www.tradyglass.be\\\/en\\\/produit\\\/sestriere-fb\\\/\"]}]},{\"@type\":\"ImageObject\",\"inLanguage\":\"en-US\",\"@id\":\"https:\\\/\\\/www.tradyglass.be\\\/en\\\/produit\\\/sestriere-fb\\\/#primaryimage\",\"url\":\"https:\\\/\\\/www.tradyglass.be\\\/wp-content\\\/uploads\\\/2024\\\/10\\\/Sestriere_fb.jpg\",\"contentUrl\":\"https:\\\/\\\/www.tradyglass.be\\\/wp-content\\\/uploads\\\/2024\\\/10\\\/Sestriere_fb.jpg\",\"width\":2000,\"height\":2000,\"caption\":\"Glass tradyglass Sestriere fb\"},{\"@type\":\"BreadcrumbList\",\"@id\":\"https:\\\/\\\/www.tradyglass.be\\\/en\\\/produit\\\/sestriere-fb\\\/#breadcrumb\",\"itemListElement\":[{\"@type\":\"ListItem\",\"position\":1,\"name\":\"Accueil\",\"item\":\"https:\\\/\\\/www.tradyglass.be\\\/en\\\/\"},{\"@type\":\"ListItem\",\"position\":2,\"name\":\"Our products\",\"item\":\"https:\\\/\\\/www.tradyglass.be\\\/en\\\/our-products\\\/\"},{\"@type\":\"ListItem\",\"position\":3,\"name\":\"Soft-drinks\",\"item\":\"https:\\\/\\\/www.tradyglass.be\\\/en\\\/categorie-produit\\\/soft-drinks\\\/\"},{\"@type\":\"ListItem\",\"position\":4,\"name\":\"Sestri\u00e8re fb\"}]},{\"@type\":\"WebSite\",\"@id\":\"https:\\\/\\\/www.tradyglass.be\\\/en\\\/#website\",\"url\":\"https:\\\/\\\/www.tradyglass.be\\\/en\\\/\",\"name\":\"Tradyglass\",\"description\":\"Glass Development and Decoration\",\"publisher\":{\"@id\":\"https:\\\/\\\/www.tradyglass.be\\\/en\\\/#organization\"},\"alternateName\":\"Glass Development and Decoration\",\"potentialAction\":[{\"@type\":\"SearchAction\",\"target\":{\"@type\":\"EntryPoint\",\"urlTemplate\":\"https:\\\/\\\/www.tradyglass.be\\\/en\\\/?s={search_term_string}\"},\"query-input\":{\"@type\":\"PropertyValueSpecification\",\"valueRequired\":true,\"valueName\":\"search_term_string\"}}],\"inLanguage\":\"en-US\"},{\"@type\":\"Organization\",\"@id\":\"https:\\\/\\\/www.tradyglass.be\\\/en\\\/#organization\",\"name\":\"Tradyglass\",\"alternateName\":\"D\u00e9coration de verres et bouteilles\",\"url\":\"https:\\\/\\\/www.tradyglass.be\\\/en\\\/\",\"logo\":{\"@type\":\"ImageObject\",\"inLanguage\":\"en-US\",\"@id\":\"https:\\\/\\\/www.tradyglass.be\\\/en\\\/#\\\/schema\\\/logo\\\/image\\\/\",\"url\":\"https:\\\/\\\/www.tradyglass.be\\\/wp-content\\\/uploads\\\/2024\\\/07\\\/TradyGlass_logo.png\",\"contentUrl\":\"https:\\\/\\\/www.tradyglass.be\\\/wp-content\\\/uploads\\\/2024\\\/07\\\/TradyGlass_logo.png\",\"width\":699,\"height\":139,\"caption\":\"Tradyglass\"},\"image\":{\"@id\":\"https:\\\/\\\/www.tradyglass.be\\\/en\\\/#\\\/schema\\\/logo\\\/image\\\/\"}}]}<\/script>\n<!-- \/ Yoast SEO plugin. -->","yoast_head_json":{"title":"D\u00e9coration Verre Sestri\u00e8re fb - Tradyglass","description":"Tradyglass permet la d\u00e9coration de verres Sestri\u00e8re fb","robots":{"index":"index","follow":"follow","max-snippet":"max-snippet:-1","max-image-preview":"max-image-preview:large","max-video-preview":"max-video-preview:-1"},"canonical":"https:\/\/www.tradyglass.be\/en\/produit\/sestriere-fb\/","og_locale":"en_US","og_type":"article","og_title":"D\u00e9coration Verre Sestri\u00e8re fb - Tradyglass","og_description":"Tradyglass permet la d\u00e9coration de verres Sestri\u00e8re fb","og_url":"https:\/\/www.tradyglass.be\/en\/produit\/sestriere-fb\/","og_site_name":"Tradyglass","article_modified_time":"2024-10-24T08:12:47+00:00","og_image":[{"width":2000,"height":2000,"url":"https:\/\/www.tradyglass.be\/wp-content\/uploads\/2024\/10\/Sestriere_fb.jpg","type":"image\/jpeg"}],"twitter_card":"summary_large_image","schema":{"@context":"https:\/\/schema.org","@graph":[{"@type":"WebPage","@id":"https:\/\/www.tradyglass.be\/en\/produit\/sestriere-fb\/","url":"https:\/\/www.tradyglass.be\/en\/produit\/sestriere-fb\/","name":"D\u00e9coration Verre Sestri\u00e8re fb - Tradyglass","isPartOf":{"@id":"https:\/\/www.tradyglass.be\/en\/#website"},"primaryImageOfPage":{"@id":"https:\/\/www.tradyglass.be\/en\/produit\/sestriere-fb\/#primaryimage"},"image":{"@id":"https:\/\/www.tradyglass.be\/en\/produit\/sestriere-fb\/#primaryimage"},"thumbnailUrl":"https:\/\/www.tradyglass.be\/wp-content\/uploads\/2024\/10\/Sestriere_fb.jpg","datePublished":"2024-10-23T16:08:52+00:00","dateModified":"2024-10-24T08:12:47+00:00","description":"Tradyglass permet la d\u00e9coration de verres Sestri\u00e8re fb","breadcrumb":{"@id":"https:\/\/www.tradyglass.be\/en\/produit\/sestriere-fb\/#breadcrumb"},"inLanguage":"en-US","potentialAction":[{"@type":"ReadAction","target":["https:\/\/www.tradyglass.be\/en\/produit\/sestriere-fb\/"]}]},{"@type":"ImageObject","inLanguage":"en-US","@id":"https:\/\/www.tradyglass.be\/en\/produit\/sestriere-fb\/#primaryimage","url":"https:\/\/www.tradyglass.be\/wp-content\/uploads\/2024\/10\/Sestriere_fb.jpg","contentUrl":"https:\/\/www.tradyglass.be\/wp-content\/uploads\/2024\/10\/Sestriere_fb.jpg","width":2000,"height":2000,"caption":"Glass tradyglass Sestriere fb"},{"@type":"BreadcrumbList","@id":"https:\/\/www.tradyglass.be\/en\/produit\/sestriere-fb\/#breadcrumb","itemListElement":[{"@type":"ListItem","position":1,"name":"Accueil","item":"https:\/\/www.tradyglass.be\/en\/"},{"@type":"ListItem","position":2,"name":"Our products","item":"https:\/\/www.tradyglass.be\/en\/our-products\/"},{"@type":"ListItem","position":3,"name":"Soft-drinks","item":"https:\/\/www.tradyglass.be\/en\/categorie-produit\/soft-drinks\/"},{"@type":"ListItem","position":4,"name":"Sestri\u00e8re fb"}]},{"@type":"WebSite","@id":"https:\/\/www.tradyglass.be\/en\/#website","url":"https:\/\/www.tradyglass.be\/en\/","name":"Tradyglass","description":"Glass Development and Decoration","publisher":{"@id":"https:\/\/www.tradyglass.be\/en\/#organization"},"alternateName":"Glass Development and Decoration","potentialAction":[{"@type":"SearchAction","target":{"@type":"EntryPoint","urlTemplate":"https:\/\/www.tradyglass.be\/en\/?s={search_term_string}"},"query-input":{"@type":"PropertyValueSpecification","valueRequired":true,"valueName":"search_term_string"}}],"inLanguage":"en-US"},{"@type":"Organization","@id":"https:\/\/www.tradyglass.be\/en\/#organization","name":"Tradyglass","alternateName":"D\u00e9coration de verres et bouteilles","url":"https:\/\/www.tradyglass.be\/en\/","logo":{"@type":"ImageObject","inLanguage":"en-US","@id":"https:\/\/www.tradyglass.be\/en\/#\/schema\/logo\/image\/","url":"https:\/\/www.tradyglass.be\/wp-content\/uploads\/2024\/07\/TradyGlass_logo.png","contentUrl":"https:\/\/www.tradyglass.be\/wp-content\/uploads\/2024\/07\/TradyGlass_logo.png","width":699,"height":139,"caption":"Tradyglass"},"image":{"@id":"https:\/\/www.tradyglass.be\/en\/#\/schema\/logo\/image\/"}}]}},"_links":{"self":[{"href":"https:\/\/www.tradyglass.be\/en\/wp-json\/wp\/v2\/product\/19550","targetHints":{"allow":["GET"]}}],"collection":[{"href":"https:\/\/www.tradyglass.be\/en\/wp-json\/wp\/v2\/product"}],"about":[{"href":"https:\/\/www.tradyglass.be\/en\/wp-json\/wp\/v2\/types\/product"}],"replies":[{"embeddable":true,"href":"https:\/\/www.tradyglass.be\/en\/wp-json\/wp\/v2\/comments?post=19550"}],"wp:featuredmedia":[{"embeddable":true,"href":"https:\/\/www.tradyglass.be\/en\/wp-json\/wp\/v2\/media\/17322"}],"wp:attachment":[{"href":"https:\/\/www.tradyglass.be\/en\/wp-json\/wp\/v2\/media?parent=19550"}],"wp:term":[{"taxonomy":"product_brand","embeddable":true,"href":"https:\/\/www.tradyglass.be\/en\/wp-json\/wp\/v2\/product_brand?post=19550"},{"taxonomy":"product_cat","embeddable":true,"href":"https:\/\/www.tradyglass.be\/en\/wp-json\/wp\/v2\/product_cat?post=19550"},{"taxonomy":"product_tag","embeddable":true,"href":"https:\/\/www.tradyglass.be\/en\/wp-json\/wp\/v2\/product_tag?post=19550"}],"curies":[{"name":"wp","href":"https:\/\/api.w.org\/{rel}","templated":true}]}}